{"id":174,"date":"2021-04-19T13:51:47","date_gmt":"2021-04-19T13:51:47","guid":{"rendered":"https:\/\/demo.artureanec.com\/themes\/agrarium\/?page_id=174"},"modified":"2025-10-01T17:31:15","modified_gmt":"2025-10-02T00:31:15","slug":"infraestructura","status":"publish","type":"page","link":"https:\/\/grupoespanos.com\/en\/infraestructura\/","title":{"rendered":"Infrastructure"},"content":{"rendered":"<div data-elementor-type=\"wp-page\" data-elementor-id=\"174\" class=\"elementor elementor-174\">\n\t\t\t\t\t\t<section class=\"elementor-section elementor-top-section elementor-element elementor-element-d2f486d elementor-section-stretched elementor-section-full_width elementor-section-height-default elementor-section-height-default\" data-id=\"d2f486d\" data-element_type=\"section\" data-settings=\"{&quot;stretch_section&quot;:&quot;section-stretched&quot;,&quot;background_background&quot;:&quot;classic&quot;}\">\n\t\t\t\t\t\t<div class=\"elementor-container elementor-column-gap-no\">\n\t\t\t\t\t<div class=\"elementor-column elementor-col-100 elementor-top-column elementor-element elementor-element-f83f01f\" data-id=\"f83f01f\" data-element_type=\"column\">\n\t\t\t<div class=\"elementor-widget-wrap elementor-element-populated\">\n\t\t\t\t\t\t<section class=\"elementor-section elementor-inner-section elementor-element elementor-element-909fdf1 elementor-section-boxed elementor-section-height-default elementor-section-height-default\" data-id=\"909fdf1\" data-element_type=\"section\">\n\t\t\t\t\t\t<div class=\"elementor-container elementor-column-gap-default\">\n\t\t\t\t\t<div class=\"elementor-column elementor-col-100 elementor-inner-column elementor-element elementor-element-8df1d09\" data-id=\"8df1d09\" data-element_type=\"column\">\n\t\t\t<div class=\"elementor-widget-wrap elementor-element-populated\">\n\t\t\t\t\t\t<div class=\"elementor-element elementor-element-82e7b95 elementor-absolute scroll-motion-no elementor-widget elementor-widget-agrarium_vertical_text\" data-id=\"82e7b95\" data-element_type=\"widget\" data-settings=\"{&quot;_position&quot;:&quot;absolute&quot;}\" data-widget_type=\"agrarium_vertical_text.default\">\n\t\t\t\t<div class=\"elementor-widget-container\">\n\t\t\t<div class=\"vertical-text\">Grupos Espanos EST 1979<\/div>\t\t<\/div>\n\t\t\t\t<\/div>\n\t\t\t\t<div class=\"elementor-element elementor-element-7224421 elementor-widget elementor-widget-agrarium_slogan\" data-id=\"7224421\" data-element_type=\"widget\" data-widget_type=\"agrarium_slogan.default\">\n\t\t\t\t<div class=\"elementor-widget-container\">\n\t\t\t<div class=\"slogan translation-block\">Technology in <br>\nevery step<\/div>\t\t<\/div>\n\t\t\t\t<\/div>\n\t\t\t\t\t<\/div>\n\t\t<\/div>\n\t\t\t\t\t<\/div>\n\t\t<\/section>\n\t\t\t\t<section class=\"elementor-section elementor-inner-section elementor-element elementor-element-ba3f689 elementor-section-boxed elementor-section-height-default elementor-section-height-default\" data-id=\"ba3f689\" data-element_type=\"section\">\n\t\t\t\t\t\t<div class=\"elementor-container elementor-column-gap-extended\">\n\t\t\t\t\t<div class=\"elementor-column elementor-col-50 elementor-inner-column elementor-element elementor-element-df26e62\" data-id=\"df26e62\" data-element_type=\"column\">\n\t\t\t<div class=\"elementor-widget-wrap elementor-element-populated\">\n\t\t\t\t\t\t<div class=\"elementor-element elementor-element-8532e3c elementor-widget elementor-widget-agrarium_heading\" data-id=\"8532e3c\" data-element_type=\"widget\" data-widget_type=\"agrarium_heading.default\">\n\t\t\t\t<div class=\"elementor-widget-container\">\n\t\t\t<div class=\"agrarium-heading-widget\"><h2 class=\"agrarium-heading\"><span class=\"agrarium-subheading\">Fattening feed<\/span><span class=\"agrarium-heading-content\">Feed mill<\/span><\/h2><\/div>\t\t<\/div>\n\t\t\t\t<\/div>\n\t\t\t\t<div class=\"elementor-element elementor-element-de35d59 scroll-motion-no elementor-widget elementor-widget-image\" data-id=\"de35d59\" data-element_type=\"widget\" data-widget_type=\"image.default\">\n\t\t\t\t<div class=\"elementor-widget-container\">\n\t\t\t\t\t\t\t\t\t\t<figure class=\"wp-caption\">\n\t\t\t\t\t\t\t\t\t\t<img fetchpriority=\"high\" decoding=\"async\" width=\"800\" height=\"494\" src=\"https:\/\/grupoespanos.com\/wp-content\/uploads\/2024\/12\/planta1.png\" class=\"attachment-large size-large wp-image-19289\" alt=\"\" srcset=\"https:\/\/grupoespanos.com\/wp-content\/uploads\/2024\/12\/planta1.png 800w, https:\/\/grupoespanos.com\/wp-content\/uploads\/2024\/12\/planta1-300x185.png 300w, https:\/\/grupoespanos.com\/wp-content\/uploads\/2024\/12\/planta1-768x474.png 768w\" sizes=\"(max-width: 800px) 100vw, 800px\" \/>\t\t\t\t\t\t\t\t\t\t\t<figcaption class=\"widget-image-caption wp-caption-text\"><\/figcaption>\n\t\t\t\t\t\t\t\t\t\t<\/figure>\n\t\t\t\t\t\t\t<\/div>\n\t\t\t\t<\/div>\n\t\t\t\t\t<\/div>\n\t\t<\/div>\n\t\t\t\t<div class=\"elementor-column elementor-col-50 elementor-inner-column elementor-element elementor-element-8b4b036\" data-id=\"8b4b036\" data-element_type=\"column\">\n\t\t\t<div class=\"elementor-widget-wrap elementor-element-populated\">\n\t\t\t\t\t\t<div class=\"elementor-element elementor-element-28f2416 elementor-hidden-mobile elementor-widget elementor-widget-spacer\" data-id=\"28f2416\" data-element_type=\"widget\" data-widget_type=\"spacer.default\">\n\t\t\t\t<div class=\"elementor-widget-container\">\n\t\t\t\t\t<div class=\"elementor-spacer\">\n\t\t\t<div class=\"elementor-spacer-inner\"><\/div>\n\t\t<\/div>\n\t\t\t\t<\/div>\n\t\t\t\t<\/div>\n\t\t\t\t<div class=\"elementor-element elementor-element-55c56c7 elementor-widget elementor-widget-text-editor\" data-id=\"55c56c7\" data-element_type=\"widget\" data-widget_type=\"text-editor.default\">\n\t\t\t\t<div class=\"elementor-widget-container\">\n\t\t\t\t\t\t\t<p><span style=\"color: #2c2c2c;\"><strong>Our team of professionals formulates and produces the feed for the animals on our farms, ensuring they consume only top-quality products tailored to each stage of their development\u2014always in compliance with the highest standards.<\/strong><\/span><\/p><p><strong>Feed mill mission<\/strong><br \/>Produce the Finished Feed requested by the Company\u2019s Production Units (Poultry and Swine Farms), meeting the required standards of quality, quantity, and timeliness, under the principles of Excellence and Operational Productivity\u2014ensuring product competitiveness in the market and sustainable business profitability.<\/p>\t\t\t\t\t\t<\/div>\n\t\t\t\t<\/div>\n\t\t\t\t\t<\/div>\n\t\t<\/div>\n\t\t\t\t\t<\/div>\n\t\t<\/section>\n\t\t\t\t<section class=\"elementor-section elementor-inner-section elementor-element elementor-element-d0d9372 elementor-section-boxed elementor-section-height-default elementor-section-height-default\" data-id=\"d0d9372\" data-element_type=\"section\">\n\t\t\t\t\t\t<div class=\"elementor-container elementor-column-gap-extended\">\n\t\t\t\t\t<div class=\"elementor-column elementor-col-50 elementor-inner-column elementor-element elementor-element-7c84103\" data-id=\"7c84103\" data-element_type=\"column\">\n\t\t\t<div class=\"elementor-widget-wrap elementor-element-populated\">\n\t\t\t\t\t\t<div class=\"elementor-element elementor-element-f56ae6b elementor-widget elementor-widget-agrarium_heading\" data-id=\"f56ae6b\" data-element_type=\"widget\" data-widget_type=\"agrarium_heading.default\">\n\t\t\t\t<div class=\"elementor-widget-container\">\n\t\t\t<div class=\"agrarium-heading-widget\"><h2 class=\"agrarium-heading\"><span class=\"agrarium-subheading\">Pork<\/span><span class=\"agrarium-heading-content\">Pork farm<\/span><\/h2><\/div>\t\t<\/div>\n\t\t\t\t<\/div>\n\t\t\t\t<div class=\"elementor-element elementor-element-0f9219f scroll-motion-no elementor-widget elementor-widget-agrarium_image\" data-id=\"0f9219f\" data-element_type=\"widget\" data-widget_type=\"agrarium_image.default\">\n\t\t\t\t<div class=\"elementor-widget-container\">\n\t\t\t        <div class=\"image-widget\">\n            <div class=\"image-container image-style-default\">\n                <img decoding=\"async\" class=\"main-image\" src=\"https:\/\/grupoespanos.com\/wp-content\/uploads\/2024\/12\/infraestructura_porcicola.png\" alt=\"\" \/>\n                            <\/div>\n        <\/div>\n        \t\t<\/div>\n\t\t\t\t<\/div>\n\t\t\t\t\t<\/div>\n\t\t<\/div>\n\t\t\t\t<div class=\"elementor-column elementor-col-50 elementor-inner-column elementor-element elementor-element-bc6ba66\" data-id=\"bc6ba66\" data-element_type=\"column\">\n\t\t\t<div class=\"elementor-widget-wrap elementor-element-populated\">\n\t\t\t\t\t\t<div class=\"elementor-element elementor-element-ca8e9c5 elementor-hidden-mobile elementor-widget elementor-widget-spacer\" data-id=\"ca8e9c5\" data-element_type=\"widget\" data-widget_type=\"spacer.default\">\n\t\t\t\t<div class=\"elementor-widget-container\">\n\t\t\t\t\t<div class=\"elementor-spacer\">\n\t\t\t<div class=\"elementor-spacer-inner\"><\/div>\n\t\t<\/div>\n\t\t\t\t<\/div>\n\t\t\t\t<\/div>\n\t\t\t\t<div class=\"elementor-element elementor-element-11fe8eb elementor-widget elementor-widget-text-editor\" data-id=\"11fe8eb\" data-element_type=\"widget\" data-widget_type=\"text-editor.default\">\n\t\t\t\t<div class=\"elementor-widget-container\">\n\t\t\t\t\t\t\t<p><span style=\"color: #2c2c2c;\"><strong>At our pig farms, we maintain a high production capacity while carefully overseeing every stage of animal development. We adhere to the highest standards of health and hygiene to deliver pork that is safe, trustworthy, and of the finest quality.<\/strong><\/span><\/p><p><strong>Pork production mission<\/strong><br \/>Ensure the swine production required by the company to fully meet the demand for high-quality pork\u2014delivered in the expected quantity and timing for both the company and external clients\u2014under the strictest standards of health, productivity, and workplace safety.<\/p>\t\t\t\t\t\t<\/div>\n\t\t\t\t<\/div>\n\t\t\t\t\t<\/div>\n\t\t<\/div>\n\t\t\t\t\t<\/div>\n\t\t<\/section>\n\t\t\t\t<section class=\"elementor-section elementor-inner-section elementor-element elementor-element-fe23544 elementor-section-boxed elementor-section-height-default elementor-section-height-default\" data-id=\"fe23544\" data-element_type=\"section\">\n\t\t\t\t\t\t<div class=\"elementor-container elementor-column-gap-extended\">\n\t\t\t\t\t<div class=\"elementor-column elementor-col-50 elementor-inner-column elementor-element elementor-element-269dd1f\" data-id=\"269dd1f\" data-element_type=\"column\">\n\t\t\t<div class=\"elementor-widget-wrap elementor-element-populated\">\n\t\t\t\t\t\t<div class=\"elementor-element elementor-element-6fc6fb6 elementor-widget elementor-widget-agrarium_heading\" data-id=\"6fc6fb6\" data-element_type=\"widget\" data-widget_type=\"agrarium_heading.default\">\n\t\t\t\t<div class=\"elementor-widget-container\">\n\t\t\t<div class=\"agrarium-heading-widget\"><h2 class=\"agrarium-heading\"><span class=\"agrarium-subheading\">Poultry<\/span><span class=\"agrarium-heading-content\">Fresh egg farm<\/span><\/h2><\/div>\t\t<\/div>\n\t\t\t\t<\/div>\n\t\t\t\t<div class=\"elementor-element elementor-element-f0cbbab scroll-motion-no elementor-widget elementor-widget-image\" data-id=\"f0cbbab\" data-element_type=\"widget\" data-widget_type=\"image.default\">\n\t\t\t\t<div class=\"elementor-widget-container\">\n\t\t\t\t\t\t\t\t\t\t\t\t\t<img decoding=\"async\" width=\"800\" height=\"494\" src=\"https:\/\/grupoespanos.com\/wp-content\/uploads\/2024\/12\/infraestructura_avicola.png\" class=\"attachment-large size-large wp-image-19291\" alt=\"\" srcset=\"https:\/\/grupoespanos.com\/wp-content\/uploads\/2024\/12\/infraestructura_avicola.png 800w, https:\/\/grupoespanos.com\/wp-content\/uploads\/2024\/12\/infraestructura_avicola-300x185.png 300w, https:\/\/grupoespanos.com\/wp-content\/uploads\/2024\/12\/infraestructura_avicola-768x474.png 768w\" sizes=\"(max-width: 800px) 100vw, 800px\" \/>\t\t\t\t\t\t\t\t\t\t\t\t\t<\/div>\n\t\t\t\t<\/div>\n\t\t\t\t\t<\/div>\n\t\t<\/div>\n\t\t\t\t<div class=\"elementor-column elementor-col-50 elementor-inner-column elementor-element elementor-element-0e95168\" data-id=\"0e95168\" data-element_type=\"column\">\n\t\t\t<div class=\"elementor-widget-wrap elementor-element-populated\">\n\t\t\t\t\t\t<div class=\"elementor-element elementor-element-448fc0d elementor-hidden-mobile elementor-widget elementor-widget-spacer\" data-id=\"448fc0d\" data-element_type=\"widget\" data-widget_type=\"spacer.default\">\n\t\t\t\t<div class=\"elementor-widget-container\">\n\t\t\t\t\t<div class=\"elementor-spacer\">\n\t\t\t<div class=\"elementor-spacer-inner\"><\/div>\n\t\t<\/div>\n\t\t\t\t<\/div>\n\t\t\t\t<\/div>\n\t\t\t\t<div class=\"elementor-element elementor-element-dfda677 elementor-widget elementor-widget-text-editor\" data-id=\"dfda677\" data-element_type=\"widget\" data-widget_type=\"text-editor.default\">\n\t\t\t\t<div class=\"elementor-widget-container\">\n\t\t\t\t\t\t\t<p class=\"translation-block\"><span style=\"color: #2c2c2c\"><strong>We produce premium-quality eggs that are reliable, nutritious, and delicious. This is made possible by strictly complying with all sanitary regulations throughout our production processes, and by meticulously caring for the health and well-being of our hens.<br><\/strong><\/span><\/p><p><strong>Fresh egg farm mission<\/strong><br \/>Ensure the poultry production required by the Company to fully meet the demand for high-quality eggs\u2014delivered in the expected quantity and timing for external clients\u2014under the strictest standards of health, productivity, and occupational safety.<\/p>\t\t\t\t\t\t<\/div>\n\t\t\t\t<\/div>\n\t\t\t\t\t<\/div>\n\t\t<\/div>\n\t\t\t\t\t<\/div>\n\t\t<\/section>\n\t\t\t\t\t<\/div>\n\t\t<\/div>\n\t\t\t\t\t<\/div>\n\t\t<\/section>\n\t\t\t\t<section class=\"elementor-section elementor-top-section elementor-element elementor-element-4138a16 elementor-hidden-widescreen elementor-hidden-desktop elementor-hidden-laptop elementor-hidden-tablet elementor-hidden-mobile elementor-section-boxed elementor-section-height-default elementor-section-height-default\" data-id=\"4138a16\" data-element_type=\"section\">\n\t\t\t\t\t\t<div class=\"elementor-container elementor-column-gap-default\">\n\t\t\t\t\t<div class=\"elementor-column elementor-col-100 elementor-top-column elementor-element elementor-element-cf9cfa6\" data-id=\"cf9cfa6\" data-element_type=\"column\">\n\t\t\t<div class=\"elementor-widget-wrap elementor-element-populated\">\n\t\t\t\t\t\t<div class=\"elementor-element elementor-element-f076aaf elementor-widget elementor-widget-agrarium_heading\" data-id=\"f076aaf\" data-element_type=\"widget\" data-widget_type=\"agrarium_heading.default\">\n\t\t\t\t<div class=\"elementor-widget-container\">\n\t\t\t<div class=\"agrarium-heading-widget\"><h2 class=\"agrarium-heading\"><span class=\"agrarium-subheading\">Partners y Clientes<\/span><span class=\"agrarium-heading-content\">Ellos ya conf\u00edan en Grupo Espanos<\/span><\/h2><\/div>\t\t<\/div>\n\t\t\t\t<\/div>\n\t\t\t\t<section class=\"elementor-section elementor-inner-section elementor-element elementor-element-c34c45f elementor-section-content-middle elementor-section-boxed elementor-section-height-default elementor-section-height-default\" data-id=\"c34c45f\" data-element_type=\"section\" data-settings=\"{&quot;background_background&quot;:&quot;classic&quot;}\">\n\t\t\t\t\t\t<div class=\"elementor-container elementor-column-gap-default\">\n\t\t\t\t\t<div class=\"elementor-column elementor-col-20 elementor-inner-column elementor-element elementor-element-0a22a87\" data-id=\"0a22a87\" data-element_type=\"column\">\n\t\t\t<div class=\"elementor-widget-wrap\">\n\t\t\t\t\t\t\t<\/div>\n\t\t<\/div>\n\t\t\t\t<div class=\"elementor-column elementor-col-20 elementor-inner-column elementor-element elementor-element-38aac41\" data-id=\"38aac41\" data-element_type=\"column\">\n\t\t\t<div class=\"elementor-widget-wrap elementor-element-populated\">\n\t\t\t\t\t\t<div class=\"elementor-element elementor-element-e00cc5c scroll-motion-no elementor-widget elementor-widget-image\" data-id=\"e00cc5c\" data-element_type=\"widget\" data-widget_type=\"image.default\">\n\t\t\t\t<div class=\"elementor-widget-container\">\n\t\t\t\t\t\t\t\t\t\t\t\t\t<img decoding=\"async\" width=\"400\" height=\"100\" src=\"https:\/\/grupoespanos.com\/wp-content\/uploads\/2024\/12\/clientes-yoreme.jpg\" class=\"attachment-full size-full wp-image-19292\" alt=\"\" srcset=\"https:\/\/grupoespanos.com\/wp-content\/uploads\/2024\/12\/clientes-yoreme.jpg 400w, https:\/\/grupoespanos.com\/wp-content\/uploads\/2024\/12\/clientes-yoreme-300x75.jpg 300w\" sizes=\"(max-width: 400px) 100vw, 400px\" \/>\t\t\t\t\t\t\t\t\t\t\t\t\t<\/div>\n\t\t\t\t<\/div>\n\t\t\t\t\t<\/div>\n\t\t<\/div>\n\t\t\t\t<div class=\"elementor-column elementor-col-20 elementor-inner-column elementor-element elementor-element-cddcee2\" data-id=\"cddcee2\" data-element_type=\"column\">\n\t\t\t<div class=\"elementor-widget-wrap elementor-element-populated\">\n\t\t\t\t\t\t<div class=\"elementor-element elementor-element-b129693 scroll-motion-no elementor-widget elementor-widget-image\" data-id=\"b129693\" data-element_type=\"widget\" data-widget_type=\"image.default\">\n\t\t\t\t<div class=\"elementor-widget-container\">\n\t\t\t\t\t\t\t\t\t\t\t\t\t<img loading=\"lazy\" decoding=\"async\" width=\"225\" height=\"126\" src=\"https:\/\/grupoespanos.com\/wp-content\/uploads\/2024\/12\/clientes-kowi.jpg\" class=\"attachment-full size-full wp-image-19293\" alt=\"\" \/>\t\t\t\t\t\t\t\t\t\t\t\t\t<\/div>\n\t\t\t\t<\/div>\n\t\t\t\t\t<\/div>\n\t\t<\/div>\n\t\t\t\t<div class=\"elementor-column elementor-col-20 elementor-inner-column elementor-element elementor-element-319b929\" data-id=\"319b929\" data-element_type=\"column\">\n\t\t\t<div class=\"elementor-widget-wrap elementor-element-populated\">\n\t\t\t\t\t\t<div class=\"elementor-element elementor-element-7bd24bf scroll-motion-no elementor-widget elementor-widget-image\" data-id=\"7bd24bf\" data-element_type=\"widget\" data-widget_type=\"image.default\">\n\t\t\t\t<div class=\"elementor-widget-container\">\n\t\t\t\t\t\t\t\t\t\t\t\t\t<img loading=\"lazy\" decoding=\"async\" width=\"554\" height=\"243\" src=\"https:\/\/grupoespanos.com\/wp-content\/uploads\/2024\/12\/clientes-ranchogrande.jpg\" class=\"attachment-full size-full wp-image-19294\" alt=\"\" srcset=\"https:\/\/grupoespanos.com\/wp-content\/uploads\/2024\/12\/clientes-ranchogrande.jpg 554w, https:\/\/grupoespanos.com\/wp-content\/uploads\/2024\/12\/clientes-ranchogrande-300x132.jpg 300w\" sizes=\"(max-width: 554px) 100vw, 554px\" \/>\t\t\t\t\t\t\t\t\t\t\t\t\t<\/div>\n\t\t\t\t<\/div>\n\t\t\t\t\t<\/div>\n\t\t<\/div>\n\t\t\t\t<div class=\"elementor-column elementor-col-20 elementor-inner-column elementor-element elementor-element-f3033b7\" data-id=\"f3033b7\" data-element_type=\"column\">\n\t\t\t<div class=\"elementor-widget-wrap\">\n\t\t\t\t\t\t\t<\/div>\n\t\t<\/div>\n\t\t\t\t\t<\/div>\n\t\t<\/section>\n\t\t\t\t\t<\/div>\n\t\t<\/div>\n\t\t\t\t\t<\/div>\n\t\t<\/section>\n\t\t\t\t<\/div>","protected":false},"excerpt":{"rendered":"<p>Nuestros profesionales formulan y producen el alimento de los animales de nuestras granjas, asegur\u00e1ndonos que consuman solo productos de la m\u00e1s alta calidad, dise\u00f1ados espec\u00edficamente para cada etapa de su desarrollo; siempre cumpliendo con los m\u00e1s altos est\u00e1ndares. Misi\u00f3n planta de&#8230;<\/p>","protected":false},"author":1,"featured_media":0,"parent":0,"menu_order":0,"comment_status":"closed","ping_status":"closed","template":"","meta":{"footnotes":""},"class_list":["post-174","page","type-page","status-publish","hentry"],"_links":{"self":[{"href":"https:\/\/grupoespanos.com\/en\/wp-json\/wp\/v2\/pages\/174","targetHints":{"allow":["GET"]}}],"collection":[{"href":"https:\/\/grupoespanos.com\/en\/wp-json\/wp\/v2\/pages"}],"about":[{"href":"https:\/\/grupoespanos.com\/en\/wp-json\/wp\/v2\/types\/page"}],"author":[{"embeddable":true,"href":"https:\/\/grupoespanos.com\/en\/wp-json\/wp\/v2\/users\/1"}],"replies":[{"embeddable":true,"href":"https:\/\/grupoespanos.com\/en\/wp-json\/wp\/v2\/comments?post=174"}],"version-history":[{"count":19,"href":"https:\/\/grupoespanos.com\/en\/wp-json\/wp\/v2\/pages\/174\/revisions"}],"predecessor-version":[{"id":19369,"href":"https:\/\/grupoespanos.com\/en\/wp-json\/wp\/v2\/pages\/174\/revisions\/19369"}],"wp:attachment":[{"href":"https:\/\/grupoespanos.com\/en\/wp-json\/wp\/v2\/media?parent=174"}],"curies":[{"name":"wp","href":"https:\/\/api.w.org\/{rel}","templated":true}]}}